{"id":2294,"date":"2020-06-17T12:41:49","date_gmt":"2020-06-17T12:41:49","guid":{"rendered":"https:\/\/kuvut.com\/business\/?page_id=2294"},"modified":"2023-04-25T09:50:30","modified_gmt":"2023-04-25T09:50:30","slug":"politica-de-privacidad","status":"publish","type":"page","link":"https:\/\/kuvut.com\/business\/politica-de-privacidad\/","title":{"rendered":"Pol\u00edtica de privacidad"},"content":{"rendered":"<div class=\"wpb-content-wrapper\">[vc_row el_class=&#8221;copy legales&#8221;][vc_column][vc_tta_accordion][vc_tta_section title=&#8221;1.- \u00bfCu\u00e1l es la empresa responsable del tratamiento de sus datos?&#8221; tab_id=&#8221;1592259499138-165f8290-478f&#8221;][vc_column_text]\n<p data-pm-slice=\"1 1 []\">La empresa responsable del tratamiento de sus datos es MBO Agency 2019 Digital Consulting SL B88441464 Calle Iriarte 27, local izquierdo 28028 Madrid, Spain.<\/p>\n<p>Le informamos que MBO Agency 2019 Digital Consulting SL. es titular del dominio <a href=\"https:\/\/kuvut.com\/business\/\" class=\"ProsemirrorEditor-link\">https:\/\/kuvut.com\/business\/<\/a> (en adelante el \u201cSitio Web\u201d),<\/p>\n<p>La presente pol\u00edtica de protecci\u00f3n de datos regula el acceso y el uso del servicio del Sitio Web que MBO Agency 2019 Digital Consulting SL. pone a disposici\u00f3n del usuario de Internet (en adelante, \u201cUsuario\u201d) interesado en los servicios (en adelante, los \u201cServicios\u201d) y contenidos (en adelante, los \u201cContenidos\u201d) alojados en el Sitio Web.<\/p>\n<p>El Usuario podr\u00e1 contactar con MBO Agency 2019 Digital Consulting SL. mediante correo electr\u00f3nico:\u00a0<a href=\"mailto:contacto@kuvut.com\" class=\"ProsemirrorEditor-link\">contacto@kuvut.com<\/a><\/p>\n[\/vc_column_text][\/vc_tta_section][vc_tta_section title=&#8221;2.- \u00bfPOR QU\u00c9 MBO AGENCY 2019 DIGITAL CONSULTING SL. EST\u00c1 LEGITIMADA PARA LLEVAR A CABO EL TRATAMIENTO DE SUS DATOS?&#8221; tab_id=&#8221;1592259499145-0b26ce87-d396&#8243;][vc_column_text]\n<p data-pm-slice=\"1 1 []\">MBO Agency 2019 Digital Consulting SL. tiene legitimaci\u00f3n para el tratamiento de sus datos para la ejecuci\u00f3n del contrato mediante el cual, los Usuarios, acceden a consultas y\/o Servicios ofrecidos en el Sitio Web.<\/p>\n<p>La comunicaci\u00f3n de los datos personales existentes en el formulario por parte del Usuario a MBO Agency 2019 Digital Consulting SL. es un requisito necesario para la prestaci\u00f3n de los Servicios de asesoramiento ofrecidos en el Sitio Web, por lo que, la omisi\u00f3n de la informaci\u00f3n imposibilita la prestaci\u00f3n del Servicio por parte de MBO Agency 2019 Digital Consulting SL.<\/p>\n<p>El uso de los datos recabados con la finalidad de oferta prospectiva de Servicios a los Usuarios, est\u00e1 basada en el consentimiento prestado por el interesado, sin que, en ning\u00fan caso, la retirada de dicho consentimiento condicione la ejecuci\u00f3n del contrato de prestaci\u00f3n de Servicios.<\/p>\n<p>MBO Agency 2019 Digital Consulting SL. se toma muy en serio la protecci\u00f3n de su privacidad y de sus datos personales. Por lo tanto, su informaci\u00f3n personal se conserva de forma segura y se trata con el m\u00e1ximo cuidado.[\/vc_column_text][\/vc_tta_section][vc_tta_section title=&#8221;3.- \u00bfCu\u00e1les son las finalidades del tratamiento de sus datos de car\u00e1cter personal?&#8221; tab_id=&#8221;1592259560064-dee79f09-e6d1&#8243;][vc_column_text]\n<p data-pm-slice=\"1 1 []\"><strong>3.a)<u>\u00a0Tratamiento de datos de car\u00e1cter personal por parte de<\/u><\/strong> <strong><u>MBO Agency 2019 Digital Consulting SL.<\/u><\/strong><\/p>\n<p>Sus datos de car\u00e1cter personal recabados por MBO Agency 2019 Digital Consulting SL. a trav\u00e9s de formularios de contacto o mediante el registro en el Sitio Web o chat online, podr\u00e1n ser utilizados para las siguientes finalidades:<\/p>\n<ul class=\"ProsemirrorEditor-list\">\n<li class=\"ProsemirrorEditor-listItem\" data-list-indent=\"1\" data-list-type=\"bulleted\">(i) prestarle los Servicios ofrecidos a trav\u00e9s del Sitio Web<\/li>\n<li class=\"ProsemirrorEditor-listItem\" data-list-indent=\"1\" data-list-type=\"bulleted\">(ii) mantenerle informado sobre los servicios ofertados en la web<\/li>\n<li class=\"ProsemirrorEditor-listItem\" data-list-indent=\"1\" data-list-type=\"bulleted\">(iv) enviarle informaci\u00f3n comercial y Newsletters de MBO Agency 2019 Digital Consulting SL.,<\/li>\n<\/ul>\n<p>de sus productos y\/o Servicios mediante carta, tel\u00e9fono, correo electr\u00f3nico, SMS\/MMS, fax o por otros medios de comunicaci\u00f3n electr\u00f3nica equivalentes.<\/p>\n<p>Asimismo, el Usuario consiente el tratamiento de sus datos para la elaboraci\u00f3n de perfiles, as\u00ed como para la segmentaci\u00f3n de sus datos. Los citados tratamientos pueden tener como finalidad tanto el an\u00e1lisis y realizaci\u00f3n de estad\u00edsticas para conocer el tr\u00e1fico y utilizaci\u00f3n del Sitio Web por parte de los Usuarios, como la determinaci\u00f3n de sus gustos y preferencias para remitirle informaci\u00f3n promocional acorde con sus intereses.<\/p>\n<p>Le informamos de que en el supuesto de que haya consentido la recepci\u00f3n de dicha informaci\u00f3n, podr\u00e1 oponerse en todo momento a que sus datos sean tratados con esta finalidad, as\u00ed como solicitar m\u00e1s informaci\u00f3n sobre el tratamiento de sus datos personales, mediante el env\u00edo de un correo electr\u00f3nico a la siguiente direcci\u00f3n de correo electr\u00f3nico:\u00a0<a href=\"mailto:contacto@kuvut.com\" class=\"ProsemirrorEditor-link\">contacto@kuvut.com<\/a>\u00a0, usando los medios espec\u00edficos que se reconozcan en las propias comunicaciones comerciales.[\/vc_column_text][\/vc_tta_section][vc_tta_section title=&#8221;4.- Conservaci\u00f3n de los datos?&#8221; tab_id=&#8221;1592259564449-4da6051a-d0bd&#8221;][vc_column_text]\n<p data-pm-slice=\"1 1 []\">Los datos recabados por MBO Agency 2019 Digital Consulting SL. se conservar\u00e1n mientras se mantenga la relaci\u00f3n contractual entre las partes, siempre y cuando no se solicite la supresi\u00f3n de dichos datos por el Usuario.<\/p>\n<p>Conforme al Principio de Limitaci\u00f3n de la Finalidad de los Datos recogido en el Reglamento (UE) 2016\/679 del Parlamento Europeo y del Consejo, de 27 de abril de 2016, relativo a la protecci\u00f3n de las personas f\u00edsicas en lo que respecta al tratamiento de datos personales y a la libre circulaci\u00f3n de estos datos, se informa al Usuario que sus datos ser\u00e1n recogidos \u00fanicamente para los fines expuestos en los p\u00e1rrafos anteriores y no ser\u00e1n tratados de manera incompatible con dichos fines.[\/vc_column_text][\/vc_tta_section][vc_tta_section title=&#8221;5.- Car\u00e1cter obligatorio o facultativo de la informaci\u00f3n facilitada por el Usuario y veracidad de los datos&#8221; tab_id=&#8221;1592259564930-c7779836-9678&#8243;][vc_column_text]\n<p data-pm-slice=\"1 1 []\">El Usuario garantiza que los datos personales facilitados son veraces y se hace responsable de comunicar a MBO Agency 2019 Digital Consulting SL. cualquier modificaci\u00f3n de los mismos. El Usuario responder\u00e1, en cualquier caso, de la veracidad de los datos facilitados, reserv\u00e1ndose MBO Agency 2019 Digital Consulting SL. el derecho a excluir de los Servicios a todo Usuario que haya facilitado datos falsos, sin perjuicio de las dem\u00e1s acciones que procedan en Derecho.<\/p>\n[\/vc_column_text][\/vc_tta_section][vc_tta_section title=&#8221;6.- \u00bfQu\u00e9 Derechos tiene el Usuario en relaci\u00f3n con sus datos?&#8221; tab_id=&#8221;1592259565795-853d345f-21ae&#8221;][vc_column_text]\n<p data-pm-slice=\"1 1 []\">El Usuario tiene derecho (i) solicitar su supresi\u00f3n, (ii) solicitar la limitaci\u00f3n del tratamiento de sus datos, (iii) oponerse al tratamiento de sus datos y (iv) ejercer el derecho al olvido.<\/p>\n<p>El Usuario puede ejercer todos estos derechos en la siguiente direcci\u00f3n de email\u00a0<u><a href=\"mailto:contacto@kuvut.com\" class=\"ProsemirrorEditor-link\">contacto@kuvut.com<\/a><\/u> La solicitud deber\u00e1 contener los siguientes datos: nombre y apellidos del Usuario, domicilio a efectos de notificaciones, copia de su Documento Nacional de Identidad o pasaporte y contenido concreto del derecho ejercitado.<\/p>\n<p>El Usuario puede tambi\u00e9n, enviar su petici\u00f3n por correo ordinario a la siguiente direcci\u00f3n:<\/p>\n<p>MBO Agency 2019 Digital Consulting SL.<\/p>\n<p>Calle Iriarte 27, local izquierdo 28028 Madrid, Spain.<\/p>\n<p>Sin perjuicio de cualquier otro recurso administrativo o acci\u00f3n judicial, el Usuario tendr\u00e1 derecho a presentar una reclamaci\u00f3n ante una Autoridad de Control, en particular en el Estado miembro en el que tenga su residencia habitual, lugar de trabajo o lugar de la supuesta infracci\u00f3n, en caso de que considere que el tratamiento de sus datos personales no es adecuado a la normativa, as\u00ed como en el caso de no ver satisfecho el ejercicio de sus derechos. La autoridad de control ante la que se haya presentado la reclamaci\u00f3n informar\u00e1 al reclamante sobre el curso y el resultado de la reclamaci\u00f3n.[\/vc_column_text][\/vc_tta_section][vc_tta_section title=&#8221;7.- Seguridad de los datos&#8221; tab_id=&#8221;1592259566240-97a8f3c3-ae00&#8243;][vc_column_text]\n<p data-pm-slice=\"1 1 []\">La protecci\u00f3n de la privacidad y los datos personales de los clientes es muy importante para MBO Agency 2019 Digital Consulting SL. Por lo tanto, MBO Agency 2019 Digital Consulting SL. hace todo lo que est\u00e1 en su mano para impedir que sus datos se utilicen de forma inadecuada.<\/p>\n<p>MBO Agency 2019 Digital Consulting SL. mantienen los niveles de seguridad de protecci\u00f3n de datos personales conforme a la normativa aplicable y ha establecido todos los medios t\u00e9cnicos a su alcance para evitar la p\u00e9rdida, mal uso, alteraci\u00f3n, acceso no autorizado y robo de los datos que el Usuario facilite a trav\u00e9s del Sitio Web, sin perjuicio de informarle de que las medidas de seguridad en Internet no son inexpugnables.<\/p>\n<p>MBO Agency 2019 Digital Consulting SL. se compromete a cumplir con el deber de secreto y confidencialidad respecto de los datos personales de acuerdo con la legislaci\u00f3n aplicable, as\u00ed como a conferirles un tratamiento seguro en las cesiones y transferencias internacionales de datos que, en su caso, puedan producirse.[\/vc_column_text][\/vc_tta_section][vc_tta_section title=&#8221;8.- Links a p\u00e1ginas web&#8221; tab_id=&#8221;1592259566674-51a7599d-7c5c&#8221;][vc_column_text]\n<p data-pm-slice=\"1 1 []\">El Sitio Web de MBO Agency 2019 Digital Consulting SL. podr\u00edan contener links a p\u00e1ginas web de compa\u00f1\u00edas y entidades de terceros.<\/p>\n<p>MBO Agency 2019 Digital Consulting SL. no pueden hacerse responsables de la forma en la que estas compa\u00f1\u00edas tratan la protecci\u00f3n de la privacidad y de los datos personales, por lo que le aconsejamos que lea detenidamente las declaraciones de pol\u00edtica de privacidad de estas p\u00e1ginas web que no son propiedad de MBO Agency 2019 Digital Consulting SL. con relaci\u00f3n al uso, procesamiento y protecci\u00f3n de datos personales. Las condiciones que ofrecen estas p\u00e1ginas web pueden no ser las mismas que las que ofrece MBO Agency 2019 Digital Consulting SL.[\/vc_column_text][\/vc_tta_section][vc_tta_section title=&#8221;9.- Modificaciones o cambios&#8221; tab_id=&#8221;1592259567134-68142af9-ee94&#8243;][vc_column_text]\n<p data-pm-slice=\"1 1 []\">MBO Agency 2019 Digital Consulting SL. se reserva el derecho de revisar su Pol\u00edtica de Privacidad en el momento que lo considere oportuno, en cuyo caso se comunicar\u00e1 a los Usuarios. No obstante, le rogamos que compruebe de forma regular esta declaraci\u00f3n de privacidad para leer la versi\u00f3n m\u00e1s reciente de la Pol\u00edtica de Privacidad de MBO Agency 2019 Digital Consulting SL. y del sitio web.<\/p>\n[\/vc_column_text][\/vc_tta_section][vc_tta_section title=&#8221;10.- Preguntas&#8221; tab_id=&#8221;1592259567463-e87919f4-deaf&#8221;][vc_column_text]\n<p data-pm-slice=\"1 1 []\">Si tienen alguna pregunta sobre esta Pol\u00edtica de Privacidad o el tratamiento de sus datos rogamos que se ponga en contacto con MBO Agency 2019 Digital Consulting SL. mediante correo electr\u00f3nico dirigido al Delegado de Protecci\u00f3n de Datos en la siguiente direcci\u00f3n de correo electr\u00f3nico:\u00a0<a href=\"mailto:contacto@kuvut.com\" class=\"ProsemirrorEditor-link\">contacto@kuvut.com<\/a><\/p>\n[\/vc_column_text][\/vc_tta_section][vc_tta_section title=&#8221;11.- Aceptaci\u00f3n y Consentimientos&#8221; tab_id=&#8221;1592259740645-a5f19be8-6730&#8243;][vc_column_text]\n<p data-pm-slice=\"1 1 []\">El Usuario declara haber sido informado de las condiciones sobre protecci\u00f3n de datos personales, aceptando y consintiendo el tratamiento de los mismos por parte de MBO Agency 2019 Digital Consulting SL. en la forma y para las finalidades indicadas en la presente Pol\u00edtica de Privacidad.<\/p>\n[\/vc_column_text][\/vc_tta_section][\/vc_tta_accordion][\/vc_column][\/vc_row]\n<\/div>","protected":false},"excerpt":{"rendered":"<p>[vc_row el_class=&#8221;copy legales&#8221;][vc_column][vc_tta_accordion][vc_tta_section title=&#8221;1.- \u00bfCu\u00e1l es la empresa responsable del tratamiento de sus datos?&#8221; tab_id=&#8221;1592259499138-165f8290-478f&#8221;][vc_column_text] La empresa responsable del tratamiento de sus datos es MBO Agency 2019 Digital Consulting SL B88441464 Calle Iriarte 27, local izquierdo 28028 Madrid, Spain. Le informamos que MBO Agency 2019 Digital Consulting SL. es titular del dominio https:\/\/kuvut.com\/business\/ (en adelante [&hellip;]<\/p>\n","protected":false},"author":1,"featured_media":0,"parent":0,"menu_order":0,"comment_status":"closed","ping_status":"closed","template":"","meta":{"footnotes":""},"class_list":["post-2294","page","type-page","status-publish","hentry"],"yoast_head":"<!-- This site is optimized with the Yoast SEO plugin v26.2 - https:\/\/yoast.com\/wordpress\/plugins\/seo\/ -->\n<title>Pol\u00edtica de privacidad - Kuvut<\/title>\n<meta name=\"robots\" content=\"index, follow, max-snippet:-1, max-image-preview:large, max-video-preview:-1\" \/>\n<link rel=\"canonical\" href=\"https:\/\/kuvut.com\/business\/politica-de-privacidad\/\" \/>\n<meta property=\"og:locale\" content=\"es_ES\" \/>\n<meta property=\"og:type\" content=\"article\" \/>\n<meta property=\"og:title\" content=\"Pol\u00edtica de privacidad - Kuvut\" \/>\n<meta property=\"og:description\" content=\"[vc_row el_class=&#8221;copy legales&#8221;][vc_column][vc_tta_accordion][vc_tta_section title=&#8221;1.- \u00bfCu\u00e1l es la empresa responsable del tratamiento de sus datos?&#8221; tab_id=&#8221;1592259499138-165f8290-478f&#8221;][vc_column_text] La empresa responsable del tratamiento de sus datos es MBO Agency 2019 Digital Consulting SL B88441464 Calle Iriarte 27, local izquierdo 28028 Madrid, Spain. Le informamos que MBO Agency 2019 Digital Consulting SL. es titular del dominio https:\/\/kuvut.com\/business\/ (en adelante [&hellip;]\" \/>\n<meta property=\"og:url\" content=\"https:\/\/kuvut.com\/business\/politica-de-privacidad\/\" \/>\n<meta property=\"og:site_name\" content=\"Kuvut\" \/>\n<meta property=\"article:modified_time\" content=\"2023-04-25T09:50:30+00:00\" \/>\n<meta property=\"og:image\" content=\"https:\/\/kuvut.com\/business\/wp-content\/uploads\/2021\/08\/og.jpg\" \/>\n\t<meta property=\"og:image:width\" content=\"1200\" \/>\n\t<meta property=\"og:image:height\" content=\"627\" \/>\n\t<meta property=\"og:image:type\" content=\"image\/jpeg\" \/>\n<meta name=\"twitter:card\" content=\"summary_large_image\" \/>\n<meta name=\"twitter:label1\" content=\"Tiempo de lectura\" \/>\n\t<meta name=\"twitter:data1\" content=\"9 minutos\" \/>\n<script type=\"application\/ld+json\" class=\"yoast-schema-graph\">{\"@context\":\"https:\/\/schema.org\",\"@graph\":[{\"@type\":\"WebPage\",\"@id\":\"https:\/\/kuvut.com\/business\/politica-de-privacidad\/\",\"url\":\"https:\/\/kuvut.com\/business\/politica-de-privacidad\/\",\"name\":\"Pol\u00edtica de privacidad - Kuvut\",\"isPartOf\":{\"@id\":\"https:\/\/kuvut.com\/business\/#website\"},\"datePublished\":\"2020-06-17T12:41:49+00:00\",\"dateModified\":\"2023-04-25T09:50:30+00:00\",\"breadcrumb\":{\"@id\":\"https:\/\/kuvut.com\/business\/politica-de-privacidad\/#breadcrumb\"},\"inLanguage\":\"es\",\"potentialAction\":[{\"@type\":\"ReadAction\",\"target\":[\"https:\/\/kuvut.com\/business\/politica-de-privacidad\/\"]}]},{\"@type\":\"BreadcrumbList\",\"@id\":\"https:\/\/kuvut.com\/business\/politica-de-privacidad\/#breadcrumb\",\"itemListElement\":[{\"@type\":\"ListItem\",\"position\":1,\"name\":\"Portada\",\"item\":\"https:\/\/kuvut.com\/business\/\"},{\"@type\":\"ListItem\",\"position\":2,\"name\":\"Pol\u00edtica de privacidad\"}]},{\"@type\":\"WebSite\",\"@id\":\"https:\/\/kuvut.com\/business\/#website\",\"url\":\"https:\/\/kuvut.com\/business\/\",\"name\":\"Kuvut\",\"description\":\"Marketing Participativo\",\"publisher\":{\"@id\":\"https:\/\/kuvut.com\/business\/#organization\"},\"potentialAction\":[{\"@type\":\"SearchAction\",\"target\":{\"@type\":\"EntryPoint\",\"urlTemplate\":\"https:\/\/kuvut.com\/business\/?s={search_term_string}\"},\"query-input\":{\"@type\":\"PropertyValueSpecification\",\"valueRequired\":true,\"valueName\":\"search_term_string\"}}],\"inLanguage\":\"es\"},{\"@type\":\"Organization\",\"@id\":\"https:\/\/kuvut.com\/business\/#organization\",\"name\":\"Agencia Kuvut\",\"url\":\"https:\/\/kuvut.com\/business\/\",\"logo\":{\"@type\":\"ImageObject\",\"inLanguage\":\"es\",\"@id\":\"https:\/\/kuvut.com\/business\/#\/schema\/logo\/image\/\",\"url\":\"https:\/\/kuvut.com\/business\/wp-content\/uploads\/2020\/11\/logo-white.png\",\"contentUrl\":\"https:\/\/kuvut.com\/business\/wp-content\/uploads\/2020\/11\/logo-white.png\",\"width\":400,\"height\":111,\"caption\":\"Agencia Kuvut\"},\"image\":{\"@id\":\"https:\/\/kuvut.com\/business\/#\/schema\/logo\/image\/\"}}]}<\/script>\n<!-- \/ Yoast SEO plugin. -->","yoast_head_json":{"title":"Pol\u00edtica de privacidad - Kuvut","robots":{"index":"index","follow":"follow","max-snippet":"max-snippet:-1","max-image-preview":"max-image-preview:large","max-video-preview":"max-video-preview:-1"},"canonical":"https:\/\/kuvut.com\/business\/politica-de-privacidad\/","og_locale":"es_ES","og_type":"article","og_title":"Pol\u00edtica de privacidad - Kuvut","og_description":"[vc_row el_class=&#8221;copy legales&#8221;][vc_column][vc_tta_accordion][vc_tta_section title=&#8221;1.- \u00bfCu\u00e1l es la empresa responsable del tratamiento de sus datos?&#8221; tab_id=&#8221;1592259499138-165f8290-478f&#8221;][vc_column_text] La empresa responsable del tratamiento de sus datos es MBO Agency 2019 Digital Consulting SL B88441464 Calle Iriarte 27, local izquierdo 28028 Madrid, Spain. Le informamos que MBO Agency 2019 Digital Consulting SL. es titular del dominio https:\/\/kuvut.com\/business\/ (en adelante [&hellip;]","og_url":"https:\/\/kuvut.com\/business\/politica-de-privacidad\/","og_site_name":"Kuvut","article_modified_time":"2023-04-25T09:50:30+00:00","og_image":[{"width":1200,"height":627,"url":"https:\/\/kuvut.com\/business\/wp-content\/uploads\/2021\/08\/og.jpg","type":"image\/jpeg"}],"twitter_card":"summary_large_image","twitter_misc":{"Tiempo de lectura":"9 minutos"},"schema":{"@context":"https:\/\/schema.org","@graph":[{"@type":"WebPage","@id":"https:\/\/kuvut.com\/business\/politica-de-privacidad\/","url":"https:\/\/kuvut.com\/business\/politica-de-privacidad\/","name":"Pol\u00edtica de privacidad - Kuvut","isPartOf":{"@id":"https:\/\/kuvut.com\/business\/#website"},"datePublished":"2020-06-17T12:41:49+00:00","dateModified":"2023-04-25T09:50:30+00:00","breadcrumb":{"@id":"https:\/\/kuvut.com\/business\/politica-de-privacidad\/#breadcrumb"},"inLanguage":"es","potentialAction":[{"@type":"ReadAction","target":["https:\/\/kuvut.com\/business\/politica-de-privacidad\/"]}]},{"@type":"BreadcrumbList","@id":"https:\/\/kuvut.com\/business\/politica-de-privacidad\/#breadcrumb","itemListElement":[{"@type":"ListItem","position":1,"name":"Portada","item":"https:\/\/kuvut.com\/business\/"},{"@type":"ListItem","position":2,"name":"Pol\u00edtica de privacidad"}]},{"@type":"WebSite","@id":"https:\/\/kuvut.com\/business\/#website","url":"https:\/\/kuvut.com\/business\/","name":"Kuvut","description":"Marketing Participativo","publisher":{"@id":"https:\/\/kuvut.com\/business\/#organization"},"potentialAction":[{"@type":"SearchAction","target":{"@type":"EntryPoint","urlTemplate":"https:\/\/kuvut.com\/business\/?s={search_term_string}"},"query-input":{"@type":"PropertyValueSpecification","valueRequired":true,"valueName":"search_term_string"}}],"inLanguage":"es"},{"@type":"Organization","@id":"https:\/\/kuvut.com\/business\/#organization","name":"Agencia Kuvut","url":"https:\/\/kuvut.com\/business\/","logo":{"@type":"ImageObject","inLanguage":"es","@id":"https:\/\/kuvut.com\/business\/#\/schema\/logo\/image\/","url":"https:\/\/kuvut.com\/business\/wp-content\/uploads\/2020\/11\/logo-white.png","contentUrl":"https:\/\/kuvut.com\/business\/wp-content\/uploads\/2020\/11\/logo-white.png","width":400,"height":111,"caption":"Agencia Kuvut"},"image":{"@id":"https:\/\/kuvut.com\/business\/#\/schema\/logo\/image\/"}}]}},"_links":{"self":[{"href":"https:\/\/kuvut.com\/business\/wp-json\/wp\/v2\/pages\/2294","targetHints":{"allow":["GET"]}}],"collection":[{"href":"https:\/\/kuvut.com\/business\/wp-json\/wp\/v2\/pages"}],"about":[{"href":"https:\/\/kuvut.com\/business\/wp-json\/wp\/v2\/types\/page"}],"author":[{"embeddable":true,"href":"https:\/\/kuvut.com\/business\/wp-json\/wp\/v2\/users\/1"}],"replies":[{"embeddable":true,"href":"https:\/\/kuvut.com\/business\/wp-json\/wp\/v2\/comments?post=2294"}],"version-history":[{"count":5,"href":"https:\/\/kuvut.com\/business\/wp-json\/wp\/v2\/pages\/2294\/revisions"}],"predecessor-version":[{"id":8665,"href":"https:\/\/kuvut.com\/business\/wp-json\/wp\/v2\/pages\/2294\/revisions\/8665"}],"wp:attachment":[{"href":"https:\/\/kuvut.com\/business\/wp-json\/wp\/v2\/media?parent=2294"}],"curies":[{"name":"wp","href":"https:\/\/api.w.org\/{rel}","templated":true}]}}