{"id":2295,"date":"2020-06-17T12:43:57","date_gmt":"2020-06-17T12:43:57","guid":{"rendered":"https:\/\/kuvut.com\/business\/?page_id=2295"},"modified":"2020-10-28T12:46:14","modified_gmt":"2020-10-28T12:46:14","slug":"politica-de-cookies","status":"publish","type":"page","link":"https:\/\/kuvut.com\/business\/politica-de-cookies\/","title":{"rendered":"Pol\u00edtica de cookies"},"content":{"rendered":"<div class=\"wpb-content-wrapper\">[vc_row el_class=&#8221;copy legales&#8221;][vc_column][vc_column_text]Este sitio web utiliza cookies para realizar un seguimiento de las interacciones de los usuarios con los servicios ofrecidos en su Plataforma.[\/vc_column_text][vc_empty_space height=&#8221;20px&#8221;][vc_tta_accordion][vc_tta_section title=&#8221;\u00bfQu\u00e9 son las cookies?&#8221; tab_id=&#8221;1592259499138-165f8290-478f&#8221;][vc_column_text]\n<p style=\"margin-top: 0cm; background: white;\"><span lang=\"ES\" style=\"font-family: 'Arial',sans-serif; color: #212529;\">Las cookies son peque\u00f1os archivos de texto que se descargan y almacenan en el terminal (ordenador\/smartphone\/tablet) del usuario al acceder a determinadas p\u00e1ginas web y que permiten a la Plataforma recordar preferencias de navegaci\u00f3n y navegar de manera eficiente, haciendo que la interacci\u00f3n entre el usuario y la Plataforma sea m\u00e1s r\u00e1pida y f\u00e1cil.<\/span><\/p>\n<p style=\"margin-top: 0cm; background: white;\"><span lang=\"ES\" style=\"font-family: 'Arial',sans-serif; color: #212529;\">La informaci\u00f3n recogida por las cookies es an\u00f3nima y no contiene ninguna informaci\u00f3n sensible (como el nombre, direcci\u00f3n o detalles bancarios) ya que \u00e9stas no recogen datos que puedan identificar personalmente al usuario.<\/span><\/p>\n[\/vc_column_text][\/vc_tta_section][vc_tta_section title=&#8221;Tipos de cookies utilizadas en la plataforma&#8221; tab_id=&#8221;1592259499145-0b26ce87-d396&#8243;][vc_column_text]Los tipos de cookies que utiliza la Plataforma son los siguientes:<\/p>\n<p><strong>Cookies Propias:\u00a0<\/strong>Estas cookies permiten que la Plataforma funcione correctamente por lo que son esenciales para que el usuario pueda usar todas las opciones de la Plataforma y pueda navegar por el mismo con normalidad.<\/p>\n<p><strong>Cookies de Terceros:\u00a0<\/strong>Son aqu\u00e9llas que se env\u00edan al equipo terminal del usuario desde un equipo o dominio que no es gestionado por el titular de la Plataforma , sino por otra entidad que trata los datos obtenidos trav\u00e9s de las cookies:<\/p>\n<table>\n<thead>\n<tr>\n<td><strong>Cookie<\/strong><\/td>\n<td><strong>Nombre de la cookie<\/strong><\/td>\n<td><strong>Descripci\u00f3n de la cookie<\/strong><\/td>\n<td><strong>Duraci\u00f3n de la cookie<\/strong><\/td>\n<td><strong>M\u00e1s informaci\u00f3n<\/strong><\/td>\n<\/tr>\n<\/thead>\n<tbody>\n<tr>\n<td><strong>Anal\u00edticas<\/strong><\/td>\n<td>_ga<\/td>\n<td>Se usa para distinguir usuarios<\/td>\n<td>2 a\u00f1os<\/td>\n<td><a href=\"https:\/\/developers.google.com\/analytics\/devguides\/collection\/analyticsjs\/cookie-usage?hl=es\">Google Anal\u00edtics &#8211; Uso de Cookies<\/a><\/td>\n<\/tr>\n<tr>\n<td><strong>Anal\u00edticas<\/strong><\/td>\n<td>_gat<\/td>\n<td><\/td>\n<td>10 minutos<\/td>\n<td><a href=\"https:\/\/developers.google.com\/analytics\/devguides\/collection\/analyticsjs\/cookie-usage?hl=es\">Google Anal\u00edtics &#8211; Uso de Cookies<\/a><\/td>\n<\/tr>\n<\/tbody>\n<\/table>\n[\/vc_column_text][\/vc_tta_section][vc_tta_section title=&#8221;C\u00f3mo desactivar la configuraci\u00f3n de las cookies&#8221; tab_id=&#8221;1592259560064-dee79f09-e6d1&#8243;][vc_column_text]Internet Explorer\u00a0<a href=\"https:\/\/support.microsoft.com\/es-es\/help\/17442\/windows-internet-explorer-delete-manage-cookies\">aqu\u00ed<\/a><\/p>\n<p>En el men\u00fa de herramientas, seleccione \u201cOpciones de Internet\u201d. Haga clic en la pesta\u00f1a de privacidad. Ver\u00e1 un cursor de desplazamiento para configurar la privacidad que tiene seis posiciones que le permite controlar la cantidad de cookies que se instalar\u00e1n: Bloquear todas las cookies, Alta, Media Alto, Media (nivel por defecto),Baja, y Aceptar todas las cookies.<\/p>\n<p>Mozilla Firefox\u00a0<a href=\"https:\/\/goo.gl\/CTkAGV\">https:\/\/goo.gl\/CTkAGV<\/a><\/p>\n<p>En el men\u00fa de herramientas, seleccione \u201copciones\u201d. Seleccione la etiqueta de privacidad en el recuadro de opciones. Del men\u00fa desplegable elija \u201cusar configuraci\u00f3n personalizada para el historial\u201d. Esto mostrar\u00e1 las opciones de cookies y podr\u00e1 optar por activarlas o desactivarlas marcando la casilla correspondiente.<\/p>\n<p>Google Chrome\u00a0<a href=\"https:\/\/goo.gl\/fQnkSB\">https:\/\/goo.gl\/fQnkSB<\/a><\/p>\n<p>En el men\u00fa de configuraci\u00f3n, seleccione \u201cmostrar configuraci\u00f3n avanzada\u201d en la parte inferior de la p\u00e1gina. Seleccione la tecla de \u201cconfiguraci\u00f3n de contenido\u201d en la secci\u00f3n de privacidad. La secci\u00f3n de la parte superior de la p\u00e1gina que aparece le da informaci\u00f3n sobre las cookies y le permite fijar las cookies que prefiera. Tambi\u00e9n le permite borrar cualquier cookie que tenga almacenada en ese momento.<\/p>\n<p>Safari\u00a0<a href=\"https:\/\/goo.gl\/PCjEm3\">https:\/\/goo.gl\/PCjEm3\u00a0<\/a><a href=\"https:\/\/goo.gl\/dQywEo\">https:\/\/goo.gl\/dQywEo<\/a><\/p>\n<p>En el men\u00fa de configuraci\u00f3n, seleccione la opci\u00f3n de \u201cpreferencias\u201d. Abra la pesta\u00f1a de privacidad. Seleccione la opci\u00f3n que quiera de la secci\u00f3n de \u201cbloquear cookies\u201d. Recuerde que ciertas funciones y la plena funcionalidad del Sitio pueden no estar disponibles despu\u00e9s de deshabilitar los cookies.<\/p>\n<p>Si desea no ser rastreado por las cookies, Google ha desarrollado un complemento para instalar en su navegador al que puede acceder en el siguiente enlace:\u00a0<a href=\"http:\/\/goo.gl\/up4ND\">http:\/\/goo.gl\/up4ND<\/a><\/p>\n<p>A partir de la opci\u00f3n que tome acerca del uso de cookies en los sitios web, se le enviar\u00e1 una cookie adicional para salvaguardar su elecci\u00f3n y que no tenga que aceptar el uso de cookies cada vez que acceda a los Sitios Web propiedad de BRANDING DIGIWEB,S.L.[\/vc_column_text][\/vc_tta_section][vc_tta_section title=&#8221;Cookies en los dispositivos m\u00f3viles&#8221; tab_id=&#8221;1592259564449-4da6051a-d0bd&#8221;][vc_column_text]La Plataforma tambi\u00e9n usa cookies u otros dispositivos de almacenamiento en dispositivos m\u00f3viles. En este caso, al igual que sucede en los navegadores de ordenadores, los navegadores de los dispositivos m\u00f3viles permiten configurar las opciones o ajustes de privacidad para desactivar o eliminar las cookies.<\/p>\n<p>Si desea modificar las opciones de privacidad siga las instrucciones especificadas por el desarrollador de su navegador para dispositivo m\u00f3vil.<\/p>\n<p>Asimismo, a continuaci\u00f3n podr\u00e1 encontrar algunos ejemplos de los links que le guiar\u00e1n para modificar las opciones de privacidad en su dispositivo m\u00f3vil:<\/p>\n<p>IOS:\u00a0<a href=\"https:\/\/goo.gl\/61xevS\">https:\/\/goo.gl\/61xevS<\/a><\/p>\n<p>Windows Phone:\u00a0<a href=\"https:\/\/goo.gl\/Rx8QQ\">https:\/\/goo.gl\/Rx8QQ<\/a><\/p>\n<p>Chrome Mobile:\u00a0<a href=\"https:\/\/goo.gl\/XJp7N\">https:\/\/goo.gl\/XJp7N<\/a><\/p>\n<p>Opera Mobile:\u00a0<a href=\"https:\/\/goo.gl\/Nzr8s7\">https:\/\/goo.gl\/Nzr8s7<\/a><\/p>\n[\/vc_column_text][\/vc_tta_section][vc_tta_section title=&#8221;Aceptaci\u00f3n de cookies&#8221; tab_id=&#8221;1592259564930-c7779836-9678&#8243;][vc_column_text]Si usted contin\u00faa su navegaci\u00f3n, entenderemos que acepta la utilizaci\u00f3n de las cookies por parte de la Plataforma.<\/p>\n<p>Le informamos que en el caso de bloquear o no aceptar la instalaci\u00f3n de cookies, es posible que ciertos servicios no est\u00e9n disponibles sin la utilizaci\u00f3n de \u00e9stas o que no pueda acceder a determinados servicios ni tampoco aprovechar por completo todo lo que esta Plataforma le ofrece.<\/p>\n<p>Para m\u00e1s informaci\u00f3n, puede consultar la\u00a0<a href=\"https:\/\/www.agpd.es\/portalwebAGPD\/canaldocumentacion\/publicaciones\/common\/Guias\/Guia_Cookies.pdf\">gu\u00eda sobre el uso de las cookies<\/a> de la Agencia Espa\u00f1ola de Protecci\u00f3n de Datos.[\/vc_column_text][\/vc_tta_section][\/vc_tta_accordion][\/vc_column][\/vc_row]\n<\/div>","protected":false},"excerpt":{"rendered":"<p>[vc_row el_class=&#8221;copy legales&#8221;][vc_column][vc_column_text]Este sitio web utiliza cookies para realizar un seguimiento de las interacciones de los usuarios con los servicios ofrecidos en su Plataforma.[\/vc_column_text][vc_empty_space height=&#8221;20px&#8221;][vc_tta_accordion][vc_tta_section title=&#8221;\u00bfQu\u00e9 son las cookies?&#8221; tab_id=&#8221;1592259499138-165f8290-478f&#8221;][vc_column_text] Las cookies son peque\u00f1os archivos de texto que se descargan y almacenan en el terminal (ordenador\/smartphone\/tablet) del usuario al acceder a determinadas p\u00e1ginas web y [&hellip;]<\/p>\n","protected":false},"author":1,"featured_media":0,"parent":0,"menu_order":0,"comment_status":"closed","ping_status":"closed","template":"","meta":{"footnotes":""},"class_list":["post-2295","page","type-page","status-publish","hentry"],"yoast_head":"<!-- This site is optimized with the Yoast SEO plugin v26.2 - https:\/\/yoast.com\/wordpress\/plugins\/seo\/ -->\n<title>Pol\u00edtica de cookies - Kuvut<\/title>\n<meta name=\"robots\" content=\"index, follow, max-snippet:-1, max-image-preview:large, max-video-preview:-1\" \/>\n<link rel=\"canonical\" href=\"https:\/\/kuvut.com\/business\/politica-de-cookies\/\" \/>\n<meta property=\"og:locale\" content=\"es_ES\" \/>\n<meta property=\"og:type\" content=\"article\" \/>\n<meta property=\"og:title\" content=\"Pol\u00edtica de cookies - Kuvut\" \/>\n<meta property=\"og:description\" content=\"[vc_row el_class=&#8221;copy legales&#8221;][vc_column][vc_column_text]Este sitio web utiliza cookies para realizar un seguimiento de las interacciones de los usuarios con los servicios ofrecidos en su Plataforma.[\/vc_column_text][vc_empty_space height=&#8221;20px&#8221;][vc_tta_accordion][vc_tta_section title=&#8221;\u00bfQu\u00e9 son las cookies?&#8221; tab_id=&#8221;1592259499138-165f8290-478f&#8221;][vc_column_text] Las cookies son peque\u00f1os archivos de texto que se descargan y almacenan en el terminal (ordenador\/smartphone\/tablet) del usuario al acceder a determinadas p\u00e1ginas web y [&hellip;]\" \/>\n<meta property=\"og:url\" content=\"https:\/\/kuvut.com\/business\/politica-de-cookies\/\" \/>\n<meta property=\"og:site_name\" content=\"Kuvut\" \/>\n<meta property=\"article:modified_time\" content=\"2020-10-28T12:46:14+00:00\" \/>\n<meta property=\"og:image\" content=\"https:\/\/kuvut.com\/business\/wp-content\/uploads\/2021\/08\/og.jpg\" \/>\n\t<meta property=\"og:image:width\" content=\"1200\" \/>\n\t<meta property=\"og:image:height\" content=\"627\" \/>\n\t<meta property=\"og:image:type\" content=\"image\/jpeg\" \/>\n<meta name=\"twitter:card\" content=\"summary_large_image\" \/>\n<meta name=\"twitter:label1\" content=\"Tiempo de lectura\" \/>\n\t<meta name=\"twitter:data1\" content=\"5 minutos\" \/>\n<script type=\"application\/ld+json\" class=\"yoast-schema-graph\">{\"@context\":\"https:\/\/schema.org\",\"@graph\":[{\"@type\":\"WebPage\",\"@id\":\"https:\/\/kuvut.com\/business\/politica-de-cookies\/\",\"url\":\"https:\/\/kuvut.com\/business\/politica-de-cookies\/\",\"name\":\"Pol\u00edtica de cookies - Kuvut\",\"isPartOf\":{\"@id\":\"https:\/\/kuvut.com\/business\/#website\"},\"datePublished\":\"2020-06-17T12:43:57+00:00\",\"dateModified\":\"2020-10-28T12:46:14+00:00\",\"breadcrumb\":{\"@id\":\"https:\/\/kuvut.com\/business\/politica-de-cookies\/#breadcrumb\"},\"inLanguage\":\"es\",\"potentialAction\":[{\"@type\":\"ReadAction\",\"target\":[\"https:\/\/kuvut.com\/business\/politica-de-cookies\/\"]}]},{\"@type\":\"BreadcrumbList\",\"@id\":\"https:\/\/kuvut.com\/business\/politica-de-cookies\/#breadcrumb\",\"itemListElement\":[{\"@type\":\"ListItem\",\"position\":1,\"name\":\"Portada\",\"item\":\"https:\/\/kuvut.com\/business\/\"},{\"@type\":\"ListItem\",\"position\":2,\"name\":\"Pol\u00edtica de cookies\"}]},{\"@type\":\"WebSite\",\"@id\":\"https:\/\/kuvut.com\/business\/#website\",\"url\":\"https:\/\/kuvut.com\/business\/\",\"name\":\"Kuvut\",\"description\":\"Marketing Participativo\",\"publisher\":{\"@id\":\"https:\/\/kuvut.com\/business\/#organization\"},\"potentialAction\":[{\"@type\":\"SearchAction\",\"target\":{\"@type\":\"EntryPoint\",\"urlTemplate\":\"https:\/\/kuvut.com\/business\/?s={search_term_string}\"},\"query-input\":{\"@type\":\"PropertyValueSpecification\",\"valueRequired\":true,\"valueName\":\"search_term_string\"}}],\"inLanguage\":\"es\"},{\"@type\":\"Organization\",\"@id\":\"https:\/\/kuvut.com\/business\/#organization\",\"name\":\"Agencia Kuvut\",\"url\":\"https:\/\/kuvut.com\/business\/\",\"logo\":{\"@type\":\"ImageObject\",\"inLanguage\":\"es\",\"@id\":\"https:\/\/kuvut.com\/business\/#\/schema\/logo\/image\/\",\"url\":\"https:\/\/kuvut.com\/business\/wp-content\/uploads\/2020\/11\/logo-white.png\",\"contentUrl\":\"https:\/\/kuvut.com\/business\/wp-content\/uploads\/2020\/11\/logo-white.png\",\"width\":400,\"height\":111,\"caption\":\"Agencia Kuvut\"},\"image\":{\"@id\":\"https:\/\/kuvut.com\/business\/#\/schema\/logo\/image\/\"}}]}<\/script>\n<!-- \/ Yoast SEO plugin. -->","yoast_head_json":{"title":"Pol\u00edtica de cookies - Kuvut","robots":{"index":"index","follow":"follow","max-snippet":"max-snippet:-1","max-image-preview":"max-image-preview:large","max-video-preview":"max-video-preview:-1"},"canonical":"https:\/\/kuvut.com\/business\/politica-de-cookies\/","og_locale":"es_ES","og_type":"article","og_title":"Pol\u00edtica de cookies - Kuvut","og_description":"[vc_row el_class=&#8221;copy legales&#8221;][vc_column][vc_column_text]Este sitio web utiliza cookies para realizar un seguimiento de las interacciones de los usuarios con los servicios ofrecidos en su Plataforma.[\/vc_column_text][vc_empty_space height=&#8221;20px&#8221;][vc_tta_accordion][vc_tta_section title=&#8221;\u00bfQu\u00e9 son las cookies?&#8221; tab_id=&#8221;1592259499138-165f8290-478f&#8221;][vc_column_text] Las cookies son peque\u00f1os archivos de texto que se descargan y almacenan en el terminal (ordenador\/smartphone\/tablet) del usuario al acceder a determinadas p\u00e1ginas web y [&hellip;]","og_url":"https:\/\/kuvut.com\/business\/politica-de-cookies\/","og_site_name":"Kuvut","article_modified_time":"2020-10-28T12:46:14+00:00","og_image":[{"width":1200,"height":627,"url":"https:\/\/kuvut.com\/business\/wp-content\/uploads\/2021\/08\/og.jpg","type":"image\/jpeg"}],"twitter_card":"summary_large_image","twitter_misc":{"Tiempo de lectura":"5 minutos"},"schema":{"@context":"https:\/\/schema.org","@graph":[{"@type":"WebPage","@id":"https:\/\/kuvut.com\/business\/politica-de-cookies\/","url":"https:\/\/kuvut.com\/business\/politica-de-cookies\/","name":"Pol\u00edtica de cookies - Kuvut","isPartOf":{"@id":"https:\/\/kuvut.com\/business\/#website"},"datePublished":"2020-06-17T12:43:57+00:00","dateModified":"2020-10-28T12:46:14+00:00","breadcrumb":{"@id":"https:\/\/kuvut.com\/business\/politica-de-cookies\/#breadcrumb"},"inLanguage":"es","potentialAction":[{"@type":"ReadAction","target":["https:\/\/kuvut.com\/business\/politica-de-cookies\/"]}]},{"@type":"BreadcrumbList","@id":"https:\/\/kuvut.com\/business\/politica-de-cookies\/#breadcrumb","itemListElement":[{"@type":"ListItem","position":1,"name":"Portada","item":"https:\/\/kuvut.com\/business\/"},{"@type":"ListItem","position":2,"name":"Pol\u00edtica de cookies"}]},{"@type":"WebSite","@id":"https:\/\/kuvut.com\/business\/#website","url":"https:\/\/kuvut.com\/business\/","name":"Kuvut","description":"Marketing Participativo","publisher":{"@id":"https:\/\/kuvut.com\/business\/#organization"},"potentialAction":[{"@type":"SearchAction","target":{"@type":"EntryPoint","urlTemplate":"https:\/\/kuvut.com\/business\/?s={search_term_string}"},"query-input":{"@type":"PropertyValueSpecification","valueRequired":true,"valueName":"search_term_string"}}],"inLanguage":"es"},{"@type":"Organization","@id":"https:\/\/kuvut.com\/business\/#organization","name":"Agencia Kuvut","url":"https:\/\/kuvut.com\/business\/","logo":{"@type":"ImageObject","inLanguage":"es","@id":"https:\/\/kuvut.com\/business\/#\/schema\/logo\/image\/","url":"https:\/\/kuvut.com\/business\/wp-content\/uploads\/2020\/11\/logo-white.png","contentUrl":"https:\/\/kuvut.com\/business\/wp-content\/uploads\/2020\/11\/logo-white.png","width":400,"height":111,"caption":"Agencia Kuvut"},"image":{"@id":"https:\/\/kuvut.com\/business\/#\/schema\/logo\/image\/"}}]}},"_links":{"self":[{"href":"https:\/\/kuvut.com\/business\/wp-json\/wp\/v2\/pages\/2295","targetHints":{"allow":["GET"]}}],"collection":[{"href":"https:\/\/kuvut.com\/business\/wp-json\/wp\/v2\/pages"}],"about":[{"href":"https:\/\/kuvut.com\/business\/wp-json\/wp\/v2\/types\/page"}],"author":[{"embeddable":true,"href":"https:\/\/kuvut.com\/business\/wp-json\/wp\/v2\/users\/1"}],"replies":[{"embeddable":true,"href":"https:\/\/kuvut.com\/business\/wp-json\/wp\/v2\/comments?post=2295"}],"version-history":[{"count":5,"href":"https:\/\/kuvut.com\/business\/wp-json\/wp\/v2\/pages\/2295\/revisions"}],"predecessor-version":[{"id":3913,"href":"https:\/\/kuvut.com\/business\/wp-json\/wp\/v2\/pages\/2295\/revisions\/3913"}],"wp:attachment":[{"href":"https:\/\/kuvut.com\/business\/wp-json\/wp\/v2\/media?parent=2295"}],"curies":[{"name":"wp","href":"https:\/\/api.w.org\/{rel}","templated":true}]}}